{"id":1096,"date":"2026-03-09T09:44:12","date_gmt":"2026-03-09T09:44:12","guid":{"rendered":"https:\/\/ov.studiokech.com\/?page_id=1096"},"modified":"2026-04-15T09:00:22","modified_gmt":"2026-04-15T09:00:22","slug":"blogs","status":"publish","type":"page","link":"https:\/\/ourikavalley.ma\/en\/blogs\/","title":{"rendered":"Blogs"},"content":{"rendered":"\t\t<div data-elementor-type=\"wp-page\" data-elementor-id=\"1096\" class=\"elementor elementor-1096\">\n\t\t\t\t<div class=\"elementor-element elementor-element-3c93689 e-flex e-con-boxed e-con e-parent\" data-id=\"3c93689\" data-element_type=\"container\" data-e-type=\"container\" data-settings=\"{&quot;background_background&quot;:&quot;slideshow&quot;,&quot;background_slideshow_gallery&quot;:[{&quot;id&quot;:1099,&quot;url&quot;:&quot;https:\\\/\\\/ourikavalley.ma\\\/wp-content\\\/uploads\\\/2026\\\/03\\\/imgi_15_Ourika-Valley-Pages-02.webp&quot;}],&quot;background_slideshow_slide_duration&quot;:5000,&quot;background_slideshow_slide_transition&quot;:&quot;fade&quot;,&quot;background_slideshow_transition_duration&quot;:500}\">\n\t\t\t\t\t<div class=\"e-con-inner\">\n\t\t<div class=\"elementor-element elementor-element-8a87d7b e-con-full e-flex e-con e-child\" data-id=\"8a87d7b\" data-element_type=\"container\" data-e-type=\"container\" data-settings=\"{&quot;background_background&quot;:&quot;classic&quot;}\">\n\t\t\t\t<div class=\"elementor-element elementor-element-25c22e3 elementor-widget-mobile__width-initial elementor-invisible elementor-widget elementor-widget-elementskit-heading\" data-id=\"25c22e3\" data-element_type=\"widget\" data-e-type=\"widget\" data-settings=\"{&quot;_animation&quot;:&quot;fadeInRight&quot;,&quot;_animation_delay&quot;:100}\" data-widget_type=\"elementskit-heading.default\">\n\t\t\t\t\t<div class=\"ekit-wid-con\" ><div class=\"ekit-heading elementskit-section-title-wraper text_center   ekit_heading_tablet-   ekit_heading_mobile-\"><h2 class=\"ekit-heading--title elementskit-section-title \">Blogs<\/h2><\/div><\/div>\t\t\t\t<\/div>\n\t\t\t\t<\/div>\n\t\t\t\t\t<\/div>\n\t\t\t\t<\/div>\n\t\t<div class=\"elementor-element elementor-element-6a88a51 e-flex e-con-boxed e-con e-child\" data-id=\"6a88a51\" data-element_type=\"container\" data-e-type=\"container\" data-settings=\"{&quot;background_background&quot;:&quot;classic&quot;}\">\n\t\t\t\t\t<div class=\"e-con-inner\">\n\t\t<div class=\"elementor-element elementor-element-4784c03 e-con-full e-flex e-con e-child\" data-id=\"4784c03\" data-element_type=\"container\" data-e-type=\"container\">\n\t\t<div class=\"elementor-element elementor-element-557cc53 e-con-full e-flex elementor-invisible e-con e-child\" data-id=\"557cc53\" data-element_type=\"container\" data-e-type=\"container\" data-settings=\"{&quot;animation&quot;:&quot;fadeInUp&quot;}\">\n\t\t\t\t<div class=\"elementor-element elementor-element-edf527b animated-slow elementor-invisible elementor-widget elementor-widget-elementskit-heading\" data-id=\"edf527b\" data-element_type=\"widget\" data-e-type=\"widget\" data-settings=\"{&quot;_animation&quot;:&quot;fadeInLeft&quot;,&quot;_animation_delay&quot;:3}\" data-widget_type=\"elementskit-heading.default\">\n\t\t\t\t\t<div class=\"ekit-wid-con\" ><div class=\"ekit-heading elementskit-section-title-wraper text_left   ekit_heading_tablet-   ekit_heading_mobile-\"><h2 class=\"ekit-heading--title elementskit-section-title \">UN ART DE VIVRE RARE <span><span>FACE \u00c0 L'ATLAS<\/h2>\t\t\t\t<div class='ekit-heading__description'>\n\t\t\t\t\t<div class=\"animation-container\">\n<div class=\"rmwidget widget-text-v3\">\n<div class=\"css-1hjul1e\">\n<div class=\"text-viewer\">\n<p class=\"gsap-dc-text opacity-0\">Explorez l\u2019univers d\u2019Ourika Valley \u00e0 travers un regard plus vaste. Au fil des articles, nous partageons des perspectives, des rencontres et des r\u00e9flexions autour du design, du territoire et du quotidien. Une lecture pens\u00e9e comme une parenth\u00e8se pour comprendre, imaginer et ressentir ce que signifie vivre ici.<\/p>\n<\/div>\n<\/div>\n<\/div>\n<\/div>\n\t\t\t\t<\/div>\n\t\t\t<\/div><\/div>\t\t\t\t<\/div>\n\t\t\t\t<\/div>\n\t\t\t\t<\/div>\n\t\t<div class=\"elementor-element elementor-element-e92fd11 e-con-full e-flex e-con e-child\" data-id=\"e92fd11\" data-element_type=\"container\" data-e-type=\"container\">\n\t\t\t\t<div class=\"elementor-element elementor-element-d52dfe2 elementor-invisible elementor-widget elementor-widget-image\" data-id=\"d52dfe2\" data-element_type=\"widget\" data-e-type=\"widget\" data-settings=\"{&quot;_animation&quot;:&quot;zoomIn&quot;}\" data-widget_type=\"image.default\">\n\t\t\t\t\t\t\t\t\t\t\t\t\t\t\t<img fetchpriority=\"high\" decoding=\"async\" width=\"851\" height=\"1106\" src=\"https:\/\/ourikavalley.ma\/wp-content\/uploads\/2026\/03\/Ourika-Valley-Pages-06.png\" class=\"attachment-full size-full wp-image-1421\" alt=\"\" srcset=\"https:\/\/ourikavalley.ma\/wp-content\/uploads\/2026\/03\/Ourika-Valley-Pages-06.png 851w, https:\/\/ourikavalley.ma\/wp-content\/uploads\/2026\/03\/Ourika-Valley-Pages-06-231x300.png 231w, https:\/\/ourikavalley.ma\/wp-content\/uploads\/2026\/03\/Ourika-Valley-Pages-06-788x1024.png 788w, https:\/\/ourikavalley.ma\/wp-content\/uploads\/2026\/03\/Ourika-Valley-Pages-06-768x998.png 768w\" sizes=\"(max-width: 851px) 100vw, 851px\" \/>\t\t\t\t\t\t\t\t\t\t\t\t\t\t\t<\/div>\n\t\t\t\t<\/div>\n\t\t\t\t\t<\/div>\n\t\t\t\t<\/div>\n\t\t<div class=\"elementor-element elementor-element-c914d03 e-flex e-con-boxed e-con e-child\" data-id=\"c914d03\" data-element_type=\"container\" data-e-type=\"container\">\n\t\t\t\t\t<div class=\"e-con-inner\">\n\t\t<div class=\"elementor-element elementor-element-0780aa9 e-con-full e-flex elementor-invisible e-con e-child\" data-id=\"0780aa9\" data-element_type=\"container\" data-e-type=\"container\" data-settings=\"{&quot;animation&quot;:&quot;fadeInLeft&quot;}\">\n\t\t\t\t<div class=\"elementor-element elementor-element-5a5c71b elementor-widget elementor-widget-image\" data-id=\"5a5c71b\" data-element_type=\"widget\" data-e-type=\"widget\" data-widget_type=\"image.default\">\n\t\t\t\t\t\t\t\t\t\t\t\t\t\t\t<img decoding=\"async\" width=\"848\" height=\"579\" src=\"https:\/\/ourikavalley.ma\/wp-content\/uploads\/2026\/04\/Untitled-1.png\" class=\"attachment-full size-full wp-image-4032\" alt=\"\" srcset=\"https:\/\/ourikavalley.ma\/wp-content\/uploads\/2026\/04\/Untitled-1.png 848w, https:\/\/ourikavalley.ma\/wp-content\/uploads\/2026\/04\/Untitled-1-300x205.png 300w, https:\/\/ourikavalley.ma\/wp-content\/uploads\/2026\/04\/Untitled-1-768x524.png 768w\" sizes=\"(max-width: 848px) 100vw, 848px\" \/>\t\t\t\t\t\t\t\t\t\t\t\t\t\t\t<\/div>\n\t\t\t\t<\/div>\n\t\t<div class=\"elementor-element elementor-element-60c109a e-con-full e-flex e-con e-child\" data-id=\"60c109a\" data-element_type=\"container\" data-e-type=\"container\">\n\t\t<div class=\"elementor-element elementor-element-1f6cfb6 e-con-full e-flex elementor-invisible e-con e-child\" data-id=\"1f6cfb6\" data-element_type=\"container\" data-e-type=\"container\" data-settings=\"{&quot;animation&quot;:&quot;fadeInRight&quot;}\">\n\t\t\t\t<div class=\"elementor-element elementor-element-41b0f07 animated-slow elementor-widget elementor-widget-elementskit-heading\" data-id=\"41b0f07\" data-element_type=\"widget\" data-e-type=\"widget\" data-settings=\"{&quot;_animation&quot;:&quot;none&quot;,&quot;_animation_delay&quot;:3}\" data-widget_type=\"elementskit-heading.default\">\n\t\t\t\t\t<div class=\"ekit-wid-con\" ><div class=\"ekit-heading elementskit-section-title-wraper text_left   ekit_heading_tablet-   ekit_heading_mobile-\"><h2 class=\"elementskit-section-subtitle  \">\n\t\t\t\t\t\tArticle du jour\n\t\t\t\t\t<\/h2><h3 class=\"ekit-heading--title elementskit-section-title \">un projet immobilier d\u2019exception sign\u00e9 ALPHA REALTY<\/h3>\t\t\t\t<div class='ekit-heading__description'>\n\t\t\t\t\t<p>Inspir\u00e9 d\u2019une annonce relay\u00e9e par <em>L\u2019\u00c9conomiste<\/em>, Ourika Valley s\u2019impose comme un projet immobilier d\u2019exception sur la route de l\u2019Ourika. Avec 147 villas haut de gamme, un lagon central et des \u00e9quipements complets, ce domaine red\u00e9finit les standards de vie premium aux portes de Marrakech.<\/p>\n\t\t\t\t<\/div>\n\t\t\t<\/div><\/div>\t\t\t\t<\/div>\n\t\t\t\t<div class=\"elementor-element elementor-element-746f37f elementor-align-left elementor-widget elementor-widget-elementskit-button\" data-id=\"746f37f\" data-element_type=\"widget\" data-e-type=\"widget\" data-widget_type=\"elementskit-button.default\">\n\t\t\t\t\t<div class=\"ekit-wid-con\" >\t\t<div class=\"ekit-btn-wraper\">\n\t\t\t\t\t\t\t<a href=\"\/immobilier-premium-marrakech\/\" class=\"elementskit-btn  whitespace--normal\" id=\"\">\n\t\t\t\t\tEn savoir plus\t\t\t\t<\/a>\n\t\t\t\t\t<\/div>\n        <\/div>\t\t\t\t<\/div>\n\t\t\t\t<\/div>\n\t\t\t\t<\/div>\n\t\t\t\t\t<\/div>\n\t\t\t\t<\/div>\n\t\t<div class=\"elementor-element elementor-element-366a7f6 e-con-full e-flex e-con e-parent\" data-id=\"366a7f6\" data-element_type=\"container\" data-e-type=\"container\">\n\t\t<div class=\"elementor-element elementor-element-04dfa55 e-flex e-con-boxed elementor-invisible e-con e-child\" data-id=\"04dfa55\" data-element_type=\"container\" data-e-type=\"container\" data-settings=\"{&quot;animation&quot;:&quot;fadeInUp&quot;}\">\n\t\t\t\t\t<div class=\"e-con-inner\">\n\t\t<a class=\"elementor-element elementor-element-bef51e5 e-con-full e-flex elementor-invisible e-con e-child\" data-id=\"bef51e5\" data-element_type=\"container\" data-e-type=\"container\" data-settings=\"{&quot;animation&quot;:&quot;fadeInUp&quot;,&quot;animation_delay&quot;:100}\" href=\"\/villa-de-luxe-marrakech\/\">\n\t\t\t\t<div class=\"elementor-element elementor-element-86b0896 elementor-widget elementor-widget-image\" data-id=\"86b0896\" data-element_type=\"widget\" data-e-type=\"widget\" data-widget_type=\"image.default\">\n\t\t\t\t\t\t\t\t\t\t\t\t\t\t\t<img decoding=\"async\" width=\"571\" height=\"404\" src=\"https:\/\/ourikavalley.ma\/wp-content\/uploads\/2026\/03\/Ourika-Valley-Pages-22.png\" class=\"attachment-full size-full wp-image-1080\" alt=\"\" srcset=\"https:\/\/ourikavalley.ma\/wp-content\/uploads\/2026\/03\/Ourika-Valley-Pages-22.png 571w, https:\/\/ourikavalley.ma\/wp-content\/uploads\/2026\/03\/Ourika-Valley-Pages-22-300x212.png 300w\" sizes=\"(max-width: 571px) 100vw, 571px\" \/>\t\t\t\t\t\t\t\t\t\t\t\t\t\t\t<\/div>\n\t\t\t\t<div class=\"elementor-element elementor-element-b190540 elementor-widget elementor-widget-elementskit-heading\" data-id=\"b190540\" data-element_type=\"widget\" data-e-type=\"widget\" data-settings=\"{&quot;_animation&quot;:&quot;none&quot;,&quot;_animation_delay&quot;:100}\" data-widget_type=\"elementskit-heading.default\">\n\t\t\t\t\t<div class=\"ekit-wid-con\" ><div class=\"ekit-heading elementskit-section-title-wraper text_left   ekit_heading_tablet-   ekit_heading_mobile-\"><h5 class=\"ekit-heading--title elementskit-section-title \">Vivre aux portes de Marrakech : Un nouveau luxe<\/h5>\t\t\t\t<div class='ekit-heading__description'>\n\t\t\t\t\t<p>Entre effervescence urbaine et s\u00e9r\u00e9nit\u00e9 naturelle, d\u00e9couvrez pourquoi s'installer \u00e0 proximit\u00e9 de Marrakech red\u00e9finit les codes du confort r\u00e9sidentiel contemporain.<\/p>\n\t\t\t\t<\/div>\n\t\t\t<\/div><\/div>\t\t\t\t<\/div>\n\t\t\t\t<\/a>\n\t\t<a class=\"elementor-element elementor-element-d9c3f8e e-con-full e-flex elementor-invisible e-con e-child\" data-id=\"d9c3f8e\" data-element_type=\"container\" data-e-type=\"container\" data-settings=\"{&quot;animation&quot;:&quot;fadeInUp&quot;,&quot;animation_delay&quot;:300}\" href=\"\/architecture-villa-marrakech\/\">\n\t\t\t\t<div class=\"elementor-element elementor-element-ed24e68 elementor-widget elementor-widget-image\" data-id=\"ed24e68\" data-element_type=\"widget\" data-e-type=\"widget\" data-widget_type=\"image.default\">\n\t\t\t\t\t\t\t\t\t\t\t\t\t\t\t<img loading=\"lazy\" decoding=\"async\" width=\"571\" height=\"404\" src=\"https:\/\/ourikavalley.ma\/wp-content\/uploads\/2026\/03\/Ourika-Valley-Pages-15-1.png\" class=\"attachment-full size-full wp-image-1120\" alt=\"\" srcset=\"https:\/\/ourikavalley.ma\/wp-content\/uploads\/2026\/03\/Ourika-Valley-Pages-15-1.png 571w, https:\/\/ourikavalley.ma\/wp-content\/uploads\/2026\/03\/Ourika-Valley-Pages-15-1-300x212.png 300w\" sizes=\"(max-width: 571px) 100vw, 571px\" \/>\t\t\t\t\t\t\t\t\t\t\t\t\t\t\t<\/div>\n\t\t\t\t<div class=\"elementor-element elementor-element-5e0822a elementor-widget elementor-widget-elementskit-heading\" data-id=\"5e0822a\" data-element_type=\"widget\" data-e-type=\"widget\" data-settings=\"{&quot;_animation&quot;:&quot;none&quot;,&quot;_animation_delay&quot;:100}\" data-widget_type=\"elementskit-heading.default\">\n\t\t\t\t\t<div class=\"ekit-wid-con\" ><div class=\"ekit-heading elementskit-section-title-wraper text_left   ekit_heading_tablet-   ekit_heading_mobile-\"><h5 class=\"ekit-heading--title elementskit-section-title \">L'Architecture comme exp\u00e9rience quotidienne<\/h5>\t\t\t\t<div class='ekit-heading__description'>\n\t\t\t\t\t<p>Volumes ouverts, lumi\u00e8re ma\u00eetris\u00e9e et perspectives sur les Atlas Mountains : quand l'architecture ne se contente plus d'abriter, mais transforme la mani\u00e8re d'habiter.<\/p>\n\t\t\t\t<\/div>\n\t\t\t<\/div><\/div>\t\t\t\t<\/div>\n\t\t\t\t<\/a>\n\t\t<a class=\"elementor-element elementor-element-108928a e-con-full e-flex elementor-invisible e-con e-child\" data-id=\"108928a\" data-element_type=\"container\" data-e-type=\"container\" data-settings=\"{&quot;animation&quot;:&quot;fadeInUp&quot;,&quot;animation_delay&quot;:600}\" href=\"\/investissement-immobilier-marrakech\/\">\n\t\t\t\t<div class=\"elementor-element elementor-element-f5eed67 elementor-widget elementor-widget-image\" data-id=\"f5eed67\" data-element_type=\"widget\" data-e-type=\"widget\" data-widget_type=\"image.default\">\n\t\t\t\t\t\t\t\t\t\t\t\t\t\t\t<img loading=\"lazy\" decoding=\"async\" width=\"664\" height=\"469\" src=\"https:\/\/ourikavalley.ma\/wp-content\/uploads\/2026\/03\/Ourika-Valley-Pages-46.jpg\" class=\"attachment-full size-full wp-image-84\" alt=\"\" srcset=\"https:\/\/ourikavalley.ma\/wp-content\/uploads\/2026\/03\/Ourika-Valley-Pages-46.jpg 664w, https:\/\/ourikavalley.ma\/wp-content\/uploads\/2026\/03\/Ourika-Valley-Pages-46-300x212.jpg 300w\" sizes=\"(max-width: 664px) 100vw, 664px\" \/>\t\t\t\t\t\t\t\t\t\t\t\t\t\t\t<\/div>\n\t\t\t\t<div class=\"elementor-element elementor-element-f8c42be elementor-widget elementor-widget-elementskit-heading\" data-id=\"f8c42be\" data-element_type=\"widget\" data-e-type=\"widget\" data-settings=\"{&quot;_animation&quot;:&quot;none&quot;,&quot;_animation_delay&quot;:100}\" data-widget_type=\"elementskit-heading.default\">\n\t\t\t\t\t<div class=\"ekit-wid-con\" ><div class=\"ekit-heading elementskit-section-title-wraper text_left   ekit_heading_tablet-   ekit_heading_mobile-\"><h5 class=\"ekit-heading--title elementskit-section-title \">Investir \u00e0 Marrakech : Les nouveaux territoires r\u00e9sidentiels<\/h5>\t\t\t\t<div class='ekit-heading__description'>\n\t\t\t\t\t<p>Pourquoi les domaines priv\u00e9s aux abords de la ville attirent-ils une nouvelle g\u00e9n\u00e9ration d'acqu\u00e9reurs exigeants ? Analyse d'un march\u00e9 en pleine \u00e9volution.<\/p>\n\t\t\t\t<\/div>\n\t\t\t<\/div><\/div>\t\t\t\t<\/div>\n\t\t\t\t<\/a>\n\t\t\t\t\t<\/div>\n\t\t\t\t<\/div>\n\t\t<div class=\"elementor-element elementor-element-49a0dfd e-flex e-con-boxed elementor-invisible e-con e-child\" data-id=\"49a0dfd\" data-element_type=\"container\" data-e-type=\"container\" data-settings=\"{&quot;animation&quot;:&quot;fadeInUp&quot;}\">\n\t\t\t\t\t<div class=\"e-con-inner\">\n\t\t<a class=\"elementor-element elementor-element-4a67aa5 e-con-full e-flex elementor-invisible e-con e-child\" data-id=\"4a67aa5\" data-element_type=\"container\" data-e-type=\"container\" data-settings=\"{&quot;animation&quot;:&quot;fadeInUp&quot;,&quot;animation_delay&quot;:100}\" href=\"\/villa-lumineuse-marrakech\/\">\n\t\t\t\t<div class=\"elementor-element elementor-element-236b597 elementor-widget elementor-widget-image\" data-id=\"236b597\" data-element_type=\"widget\" data-e-type=\"widget\" data-widget_type=\"image.default\">\n\t\t\t\t\t\t\t\t\t\t\t\t\t\t\t<img decoding=\"async\" src=\"https:\/\/ourikavalley.ma\/wp-content\/uploads\/elementor\/thumbs\/Ourika-Valley-Pages-30-12004-rk90yaq2nbjzp2n3fwrwt7cv69t0ucpzqqli4hziak.png\" title=\"Ourika-Valley-Pages-30 12004\" alt=\"Ourika-Valley-Pages-30 12004\" loading=\"lazy\" \/>\t\t\t\t\t\t\t\t\t\t\t\t\t\t\t<\/div>\n\t\t\t\t<div class=\"elementor-element elementor-element-ca0b6dd elementor-widget elementor-widget-elementskit-heading\" data-id=\"ca0b6dd\" data-element_type=\"widget\" data-e-type=\"widget\" data-settings=\"{&quot;_animation&quot;:&quot;none&quot;,&quot;_animation_delay&quot;:100}\" data-widget_type=\"elementskit-heading.default\">\n\t\t\t\t\t<div class=\"ekit-wid-con\" ><div class=\"ekit-heading elementskit-section-title-wraper text_left   ekit_heading_tablet-   ekit_heading_mobile-\"><h5 class=\"ekit-heading--title elementskit-section-title \">La lumi\u00e8re, signature invisible des villas contemporaines<\/h5>\t\t\t\t<div class='ekit-heading__description'>\n\t\t\t\t\t<p>\u00c0 Ourika Valley, chaque ouverture est pens\u00e9e pour capter la lumi\u00e8re et dialoguer avec le paysage. Une approche subtile qui change tout.<\/p>\n\t\t\t\t<\/div>\n\t\t\t<\/div><\/div>\t\t\t\t<\/div>\n\t\t\t\t<\/a>\n\t\t<a class=\"elementor-element elementor-element-62f72b4 e-con-full e-flex elementor-invisible e-con e-child\" data-id=\"62f72b4\" data-element_type=\"container\" data-e-type=\"container\" data-settings=\"{&quot;animation&quot;:&quot;fadeInUp&quot;,&quot;animation_delay&quot;:300}\" href=\"\/domaine-residentiel-luxe-marrakech\/\">\n\t\t\t\t<div class=\"elementor-element elementor-element-b0e03d8 elementor-widget elementor-widget-image\" data-id=\"b0e03d8\" data-element_type=\"widget\" data-e-type=\"widget\" data-widget_type=\"image.default\">\n\t\t\t\t\t\t\t\t\t\t\t\t\t\t\t<img decoding=\"async\" src=\"https:\/\/ourikavalley.ma\/wp-content\/uploads\/elementor\/thumbs\/imgi_16_Ourika-Valley-Pages-03-rk8ynqked6jby2kbj81kt1dctwqereyqe3s6nkect8.webp\" title=\"imgi_16_Ourika-Valley-Pages-03\" alt=\"imgi_16_Ourika-Valley-Pages-03\" loading=\"lazy\" \/>\t\t\t\t\t\t\t\t\t\t\t\t\t\t\t<\/div>\n\t\t\t\t<div class=\"elementor-element elementor-element-c77e14a elementor-widget elementor-widget-elementskit-heading\" data-id=\"c77e14a\" data-element_type=\"widget\" data-e-type=\"widget\" data-settings=\"{&quot;_animation&quot;:&quot;none&quot;,&quot;_animation_delay&quot;:100}\" data-widget_type=\"elementskit-heading.default\">\n\t\t\t\t\t<div class=\"ekit-wid-con\" ><div class=\"ekit-heading elementskit-section-title-wraper text_left   ekit_heading_tablet-   ekit_heading_mobile-\"><h5 class=\"ekit-heading--title elementskit-section-title \">Entre nature et modernit\u00e9 : Trouver l'\u00e9quilibre<\/h5>\t\t\t\t<div class='ekit-heading__description'>\n\t\t\t\t\t<p>Un domaine r\u00e9sidentiel peut-il concilier dynamisme, calme et intimit\u00e9 ? Exploration d'un mod\u00e8le d'am\u00e9nagement o\u00f9 tout est question d'\u00e9quilibre.<\/p>\n\t\t\t\t<\/div>\n\t\t\t<\/div><\/div>\t\t\t\t<\/div>\n\t\t\t\t<\/a>\n\t\t<a class=\"elementor-element elementor-element-7d877e7 e-con-full e-flex elementor-invisible e-con e-child\" data-id=\"7d877e7\" data-element_type=\"container\" data-e-type=\"container\" data-settings=\"{&quot;animation&quot;:&quot;fadeInUp&quot;,&quot;animation_delay&quot;:600}\" href=\"\/bien-etre-villa-marrakech\/\">\n\t\t\t\t<div class=\"elementor-element elementor-element-3faa433 elementor-widget elementor-widget-image\" data-id=\"3faa433\" data-element_type=\"widget\" data-e-type=\"widget\" data-widget_type=\"image.default\">\n\t\t\t\t\t\t\t\t\t\t\t\t\t\t\t<img decoding=\"async\" src=\"https:\/\/ourikavalley.ma\/wp-content\/uploads\/elementor\/thumbs\/imgi_61_image-8948dea9-e3fd-4a09-950b-48f23c3c6ca8-scaled-rk3yyclgcufkfnpm7sm4mkd213iv2pxxllurtwmhy4.jpg\" title=\"imgi_61_image-8948dea9-e3fd-4a09-950b-48f23c3c6ca8\" alt=\"imgi_61_image-8948dea9-e3fd-4a09-950b-48f23c3c6ca8\" loading=\"lazy\" \/>\t\t\t\t\t\t\t\t\t\t\t\t\t\t\t<\/div>\n\t\t\t\t<div class=\"elementor-element elementor-element-ceaa21c elementor-widget elementor-widget-elementskit-heading\" data-id=\"ceaa21c\" data-element_type=\"widget\" data-e-type=\"widget\" data-settings=\"{&quot;_animation&quot;:&quot;none&quot;,&quot;_animation_delay&quot;:100}\" data-widget_type=\"elementskit-heading.default\">\n\t\t\t\t\t<div class=\"ekit-wid-con\" ><div class=\"ekit-heading elementskit-section-title-wraper text_left   ekit_heading_tablet-   ekit_heading_mobile-\"><h5 class=\"ekit-heading--title elementskit-section-title \">Le bien-\u00eatre comme fondement r\u00e9sidentiel<\/h5>\t\t\t\t<div class='ekit-heading__description'>\n\t\t\t\t\t<p>Espaces sportifs, promenades paysag\u00e9es, vues d\u00e9gag\u00e9es : quand le cadre de vie devient un v\u00e9ritable art de vivre.<\/p>\n\t\t\t\t<\/div>\n\t\t\t<\/div><\/div>\t\t\t\t<\/div>\n\t\t\t\t<\/a>\n\t\t\t\t\t<\/div>\n\t\t\t\t<\/div>\n\t\t\t\t<\/div>\n\t\t\t\t<\/div>\n\t\t","protected":false},"excerpt":{"rendered":"<p>Blogs UN ART DE VIVRE RARE FACE \u00c0 L&rsquo;ATLAS Explorez l\u2019univers d\u2019Ourika Valley \u00e0 travers un regard plus vaste. Au fil des articles, nous partageons des perspectives, des rencontres et des r\u00e9flexions autour du design, du territoire et du quotidien. Une lecture pens\u00e9e comme une parenth\u00e8se pour comprendre, imaginer et ressentir ce que signifie vivre [&hellip;]<\/p>\n","protected":false},"author":1,"featured_media":0,"parent":0,"menu_order":0,"comment_status":"closed","ping_status":"closed","template":"elementor_header_footer","meta":{"footnotes":""},"class_list":["post-1096","page","type-page","status-publish","hentry"],"_links":{"self":[{"href":"https:\/\/ourikavalley.ma\/en\/wp-json\/wp\/v2\/pages\/1096","targetHints":{"allow":["GET"]}}],"collection":[{"href":"https:\/\/ourikavalley.ma\/en\/wp-json\/wp\/v2\/pages"}],"about":[{"href":"https:\/\/ourikavalley.ma\/en\/wp-json\/wp\/v2\/types\/page"}],"author":[{"embeddable":true,"href":"https:\/\/ourikavalley.ma\/en\/wp-json\/wp\/v2\/users\/1"}],"replies":[{"embeddable":true,"href":"https:\/\/ourikavalley.ma\/en\/wp-json\/wp\/v2\/comments?post=1096"}],"version-history":[{"count":12,"href":"https:\/\/ourikavalley.ma\/en\/wp-json\/wp\/v2\/pages\/1096\/revisions"}],"predecessor-version":[{"id":4264,"href":"https:\/\/ourikavalley.ma\/en\/wp-json\/wp\/v2\/pages\/1096\/revisions\/4264"}],"wp:attachment":[{"href":"https:\/\/ourikavalley.ma\/en\/wp-json\/wp\/v2\/media?parent=1096"}],"curies":[{"name":"wp","href":"https:\/\/api.w.org\/{rel}","templated":true}]}}