{"id":1146,"date":"2026-03-09T10:28:55","date_gmt":"2026-03-09T10:28:55","guid":{"rendered":"https:\/\/ov.studiokech.com\/?page_id=1146"},"modified":"2026-04-10T09:07:38","modified_gmt":"2026-04-10T09:07:38","slug":"contact","status":"publish","type":"page","link":"https:\/\/ourikavalley.ma\/en\/contact\/","title":{"rendered":"Contact"},"content":{"rendered":"\t\t<div data-elementor-type=\"wp-page\" data-elementor-id=\"1146\" class=\"elementor elementor-1146\">\n\t\t\t\t<div class=\"elementor-element elementor-element-b7d1ebf e-flex e-con-boxed e-con e-parent\" data-id=\"b7d1ebf\" data-element_type=\"container\" data-e-type=\"container\" data-settings=\"{&quot;background_background&quot;:&quot;slideshow&quot;,&quot;background_slideshow_gallery&quot;:[{&quot;id&quot;:1152,&quot;url&quot;:&quot;https:\\\/\\\/ourikavalley.ma\\\/wp-content\\\/uploads\\\/2026\\\/03\\\/imgi_13_Ourika-Valley-Pages-01.webp&quot;}],&quot;background_slideshow_slide_duration&quot;:5000,&quot;background_slideshow_slide_transition&quot;:&quot;fade&quot;,&quot;background_slideshow_transition_duration&quot;:500}\">\n\t\t\t\t\t<div class=\"e-con-inner\">\n\t\t<div class=\"elementor-element elementor-element-18f855e e-con-full e-flex e-con e-child\" data-id=\"18f855e\" data-element_type=\"container\" data-e-type=\"container\" data-settings=\"{&quot;background_background&quot;:&quot;classic&quot;}\">\n\t\t\t\t<div class=\"elementor-element elementor-element-60a2e40 elementor-widget-mobile__width-initial elementor-invisible elementor-widget elementor-widget-elementskit-heading\" data-id=\"60a2e40\" data-element_type=\"widget\" data-e-type=\"widget\" data-settings=\"{&quot;_animation&quot;:&quot;fadeInRight&quot;,&quot;_animation_delay&quot;:100}\" data-widget_type=\"elementskit-heading.default\">\n\t\t\t\t\t<div class=\"ekit-wid-con\" ><div class=\"ekit-heading elementskit-section-title-wraper text_center   ekit_heading_tablet-   ekit_heading_mobile-\"><h2 class=\"ekit-heading--title elementskit-section-title \">Contact<\/h2><\/div><\/div>\t\t\t\t<\/div>\n\t\t\t\t<\/div>\n\t\t\t\t\t<\/div>\n\t\t\t\t<\/div>\n\t\t<div class=\"elementor-element elementor-element-3d6c048 e-con-full e-flex e-con e-parent\" data-id=\"3d6c048\" data-element_type=\"container\" data-e-type=\"container\" data-settings=\"{&quot;background_background&quot;:&quot;classic&quot;}\">\n\t\t<div class=\"elementor-element elementor-element-3327998 e-flex e-con-boxed e-con e-child\" data-id=\"3327998\" data-element_type=\"container\" data-e-type=\"container\" data-settings=\"{&quot;background_background&quot;:&quot;classic&quot;}\">\n\t\t\t\t\t<div class=\"e-con-inner\">\n\t\t<div class=\"elementor-element elementor-element-e78517e e-con-full e-flex e-con e-child\" data-id=\"e78517e\" data-element_type=\"container\" data-e-type=\"container\">\n\t\t\t\t<div class=\"elementor-element elementor-element-1ae00aa elementor-invisible elementor-widget elementor-widget-elementskit-heading\" data-id=\"1ae00aa\" data-element_type=\"widget\" data-e-type=\"widget\" data-settings=\"{&quot;_animation&quot;:&quot;fadeInUp&quot;,&quot;_animation_delay&quot;:3}\" data-widget_type=\"elementskit-heading.default\">\n\t\t\t\t\t<div class=\"ekit-wid-con\" ><div class=\"ekit-heading elementskit-section-title-wraper text_center   ekit_heading_tablet-   ekit_heading_mobile-\"><h2 class=\"ekit-heading--title elementskit-section-title \">VOTRE PROCHAINE ADRESSE <br>  COMMENCE ICI<\/h2>\t\t\t\t<div class='ekit-heading__description'>\n\t\t\t\t\t<p>Investir \u00e0 Ourika Valley, c\u2019est faire le choix d\u2019un patrimoine durable dans l\u2019un des territoires les plus convoit\u00e9s aux abords de Marrakech, tout en profitant d\u2019un art de vivre rare, o\u00f9 confort contemporain, nature pr\u00e9serv\u00e9e et s\u00e9r\u00e9nit\u00e9 r\u00e9sidentielle s\u2019entrelacent avec \u00e9l\u00e9gance.<\/p>\n\t\t\t\t<\/div>\n\t\t\t<\/div><\/div>\t\t\t\t<\/div>\n\t\t\t\t<\/div>\n\t\t\t\t\t<\/div>\n\t\t\t\t<\/div>\n\t\t\t\t<\/div>\n\t\t<div class=\"elementor-element elementor-element-94f1123 e-flex e-con-boxed e-con e-parent\" data-id=\"94f1123\" data-element_type=\"container\" data-e-type=\"container\" data-settings=\"{&quot;background_background&quot;:&quot;classic&quot;}\">\n\t\t\t\t\t<div class=\"e-con-inner\">\n\t\t<div class=\"elementor-element elementor-element-a7c46ba e-con-full e-flex elementor-invisible e-con e-child\" data-id=\"a7c46ba\" data-element_type=\"container\" data-e-type=\"container\" data-settings=\"{&quot;background_background&quot;:&quot;slideshow&quot;,&quot;background_slideshow_gallery&quot;:[{&quot;id&quot;:1176,&quot;url&quot;:&quot;https:\\\/\\\/ourikavalley.ma\\\/wp-content\\\/uploads\\\/2026\\\/03\\\/imgi_15_Ourika-Valley-Pages-23.webp&quot;}],&quot;animation&quot;:&quot;fadeInUp&quot;,&quot;animation_mobile&quot;:&quot;none&quot;,&quot;background_slideshow_slide_duration&quot;:5000,&quot;background_slideshow_slide_transition&quot;:&quot;fade&quot;,&quot;background_slideshow_transition_duration&quot;:500}\">\n\t\t\t\t<div class=\"elementor-element elementor-element-e48411f elementor-invisible elementor-widget elementor-widget-elementskit-heading\" data-id=\"e48411f\" data-element_type=\"widget\" data-e-type=\"widget\" data-settings=\"{&quot;_animation&quot;:&quot;fadeInUp&quot;,&quot;_animation_delay&quot;:3}\" data-widget_type=\"elementskit-heading.default\">\n\t\t\t\t\t<div class=\"ekit-wid-con\" ><div class=\"ekit-heading elementskit-section-title-wraper text_center   ekit_heading_tablet-   ekit_heading_mobile-\"><h2 class=\"ekit-heading--title elementskit-section-title \">Faites le <br> <span><span>Premier pas<\/h2>\t\t\t\t<div class='ekit-heading__description'>\n\t\t\t\t\t<div class=\"font-ftnk text-[#EAEAEA] text-[15px] md:text-[16px] lg:text-[18px] max-w-[600px] mx-auto leading-snug\"><span style=\"color: #ffffff\"><span class=\"block overflow-hidden\"><span class=\"block gsap-cta-text-line transform translate-y-8\">Un projet immobilier commence toujours par un \u00e9change. Que vous envisagiez une acquisition, une visite priv\u00e9e<\/span><\/span><span class=\"block overflow-hidden\"><span class=\"block gsap-cta-text-line transform translate-y-8\">ou simplement une premi\u00e8re prise d\u2019information, notre \u00e9quipe vous accompagne avec attention et discr\u00e9tion.<\/span><\/span><\/span><\/div>\n\t\t\t\t<\/div>\n\t\t\t<\/div><\/div>\t\t\t\t<\/div>\n\t\t<div class=\"elementor-element elementor-element-8efd33e e-con-full e-flex e-con e-child\" data-id=\"8efd33e\" data-element_type=\"container\" data-e-type=\"container\">\n\t\t\t\t<div class=\"elementor-element elementor-element-5f0f945 elementor-widget elementor-widget-elementskit-contact-form7\" data-id=\"5f0f945\" data-element_type=\"widget\" data-e-type=\"widget\" data-widget_type=\"elementskit-contact-form7.default\">\n\t\t\t\t\t<div class=\"ekit-wid-con\" ><div class=\"ekit-form\">\n<div class=\"wpcf7 no-js\" id=\"wpcf7-f1584-o1\" lang=\"en-US\" dir=\"ltr\" data-wpcf7-id=\"1584\">\n<div class=\"screen-reader-response\"><p role=\"status\" aria-live=\"polite\" aria-atomic=\"true\"><\/p> <ul><\/ul><\/div>\n<form action=\"\/en\/wp-json\/wp\/v2\/pages\/1146#wpcf7-f1584-o1\" method=\"post\" class=\"wpcf7-form init\" aria-label=\"Contact form\" novalidate=\"novalidate\" data-status=\"init\">\n<fieldset class=\"hidden-fields-container\"><input type=\"hidden\" name=\"_wpcf7\" value=\"1584\" \/><input type=\"hidden\" name=\"_wpcf7_version\" value=\"6.1.5\" \/><input type=\"hidden\" name=\"_wpcf7_locale\" value=\"en_US\" \/><input type=\"hidden\" name=\"_wpcf7_unit_tag\" value=\"wpcf7-f1584-o1\" \/><input type=\"hidden\" name=\"_wpcf7_container_post\" value=\"0\" \/><input type=\"hidden\" name=\"_wpcf7_posted_data_hash\" value=\"\" \/>\n<\/fieldset>\n<div class=\"contact-form-custom\">\n\t<div class=\"row row-1\">\n\t\t<div class=\"col\">\n\t\t\t<p><span class=\"wpcf7-form-control-wrap\" data-name=\"nom\"><input size=\"40\" maxlength=\"400\" class=\"wpcf7-form-control wpcf7-text wpcf7-validates-as-required input-line\" aria-required=\"true\" aria-invalid=\"false\" placeholder=\"Nom\" value=\"\" type=\"text\" name=\"nom\" \/><\/span>\n\t\t\t<\/p>\n\t\t<\/div>\n\t\t<div class=\"col\">\n\t\t\t<p><span class=\"wpcf7-form-control-wrap\" data-name=\"prenom\"><input size=\"40\" maxlength=\"400\" class=\"wpcf7-form-control wpcf7-text wpcf7-validates-as-required input-line\" aria-required=\"true\" aria-invalid=\"false\" placeholder=\"Pr\u00e9nom\" value=\"\" type=\"text\" name=\"prenom\" \/><\/span>\n\t\t\t<\/p>\n\t\t<\/div>\n\t<\/div>\n\t<div class=\"row\">\n\t\t<div class=\"col\">\n\t\t\t<p><span class=\"wpcf7-form-control-wrap\" data-name=\"telephone\"><input size=\"40\" maxlength=\"400\" class=\"wpcf7-form-control wpcf7-tel wpcf7-validates-as-required wpcf7-text wpcf7-validates-as-tel input-line\" aria-required=\"true\" aria-invalid=\"false\" placeholder=\"T\u00e9l\u00e9phone\" value=\"\" type=\"tel\" name=\"telephone\" \/><\/span>\n\t\t\t<\/p>\n\t\t<\/div>\n\t\t<div class=\"col\">\n\t\t\t<p><span class=\"wpcf7-form-control-wrap\" data-name=\"email\"><input size=\"40\" maxlength=\"400\" class=\"wpcf7-form-control wpcf7-email wpcf7-validates-as-required wpcf7-text wpcf7-validates-as-email input-line\" aria-required=\"true\" aria-invalid=\"false\" placeholder=\"Email\" value=\"\" type=\"email\" name=\"email\" \/><\/span>\n\t\t\t<\/p>\n\t\t<\/div>\n\t<\/div>\n\t<p><span class=\"wpcf7-form-control-wrap\" data-name=\"message\"><textarea cols=\"40\" rows=\"10\" maxlength=\"2000\" class=\"wpcf7-form-control wpcf7-textarea wpcf7-validates-as-required message-box\" aria-required=\"true\" aria-invalid=\"false\" placeholder=\"Message...\" name=\"message\"><\/textarea><\/span>\n\t<\/p>\n\t<div style=\"display: flex; justify-content: center;\">\n\t\t<p><input class=\"wpcf7-form-control wpcf7-submit has-spinner submit-btn\" type=\"submit\" value=\"ENVOYER\" \/>\n\t\t<\/p>\n\t<\/div>\n<\/div><div class=\"wpcf7-response-output\" aria-hidden=\"true\"><\/div>\n<\/form>\n<\/div>\n<\/div><\/div>\t\t\t\t<\/div>\n\t\t\t\t<\/div>\n\t\t\t\t<\/div>\n\t\t\t\t\t<\/div>\n\t\t\t\t<\/div>\n\t\t<div class=\"elementor-element elementor-element-2ddc4d3 e-flex e-con-boxed e-con e-parent\" data-id=\"2ddc4d3\" data-element_type=\"container\" data-e-type=\"container\" data-settings=\"{&quot;background_background&quot;:&quot;classic&quot;}\">\n\t\t\t\t\t<div class=\"e-con-inner\">\n\t\t<div class=\"elementor-element elementor-element-ab4c8eb e-con-full e-flex e-con e-child\" data-id=\"ab4c8eb\" data-element_type=\"container\" data-e-type=\"container\">\n\t\t\t\t<div class=\"elementor-element elementor-element-5b43519 elementor-invisible elementor-widget elementor-widget-image\" data-id=\"5b43519\" data-element_type=\"widget\" data-e-type=\"widget\" data-settings=\"{&quot;_animation&quot;:&quot;zoomIn&quot;}\" data-widget_type=\"image.default\">\n\t\t\t\t\t\t\t\t\t\t\t\t\t\t\t<img fetchpriority=\"high\" decoding=\"async\" width=\"590\" height=\"734\" src=\"https:\/\/ourikavalley.ma\/wp-content\/uploads\/2026\/03\/image-9bd5c117-39a3-4762-9e38-777622beda78.webp\" class=\"attachment-full size-full wp-image-122\" alt=\"\" srcset=\"https:\/\/ourikavalley.ma\/wp-content\/uploads\/2026\/03\/image-9bd5c117-39a3-4762-9e38-777622beda78.webp 590w, https:\/\/ourikavalley.ma\/wp-content\/uploads\/2026\/03\/image-9bd5c117-39a3-4762-9e38-777622beda78-241x300.webp 241w\" sizes=\"(max-width: 590px) 100vw, 590px\" \/>\t\t\t\t\t\t\t\t\t\t\t\t\t\t\t<\/div>\n\t\t\t\t<\/div>\n\t\t<div class=\"elementor-element elementor-element-0631056 e-con-full e-flex e-con e-child\" data-id=\"0631056\" data-element_type=\"container\" data-e-type=\"container\">\n\t\t\t\t<div class=\"elementor-element elementor-element-132bf59 animated-slow elementor-invisible elementor-widget elementor-widget-elementskit-heading\" data-id=\"132bf59\" data-element_type=\"widget\" data-e-type=\"widget\" data-settings=\"{&quot;_animation&quot;:&quot;fadeInLeft&quot;,&quot;_animation_delay&quot;:3}\" data-widget_type=\"elementskit-heading.default\">\n\t\t\t\t\t<div class=\"ekit-wid-con\" ><div class=\"ekit-heading elementskit-section-title-wraper text_left   ekit_heading_tablet-text_center   ekit_heading_mobile-\"><h2 class=\"ekit-heading--title elementskit-section-title \">CONTACTEZ-NOUS<\/h2><\/div><\/div>\t\t\t\t<\/div>\n\t\t<div class=\"elementor-element elementor-element-68d7f54 e-con-full e-flex elementor-invisible e-con e-child\" data-id=\"68d7f54\" data-element_type=\"container\" data-e-type=\"container\" data-settings=\"{&quot;animation&quot;:&quot;fadeInUp&quot;}\">\n\t\t\t\t<div class=\"elementor-element elementor-element-14b559e elementor-align-start elementor-icon-list--layout-traditional elementor-list-item-link-full_width elementor-widget elementor-widget-icon-list\" data-id=\"14b559e\" data-element_type=\"widget\" data-e-type=\"widget\" data-widget_type=\"icon-list.default\">\n\t\t\t\t\t\t\t<ul class=\"elementor-icon-list-items\">\n\t\t\t\t\t\t\t<li class=\"elementor-icon-list-item\">\n\t\t\t\t\t\t\t\t\t\t\t<span class=\"elementor-icon-list-icon\">\n\t\t\t\t\t\t\t<svg aria-hidden=\"true\" class=\"e-font-icon-svg e-fas-phone-alt\" viewBox=\"0 0 512 512\" xmlns=\"http:\/\/www.w3.org\/2000\/svg\"><path d=\"M497.39 361.8l-112-48a24 24 0 0 0-28 6.9l-49.6 60.6A370.66 370.66 0 0 1 130.6 204.11l60.6-49.6a23.94 23.94 0 0 0 6.9-28l-48-112A24.16 24.16 0 0 0 122.6.61l-104 24A24 24 0 0 0 0 48c0 256.5 207.9 464 464 464a24 24 0 0 0 23.4-18.6l24-104a24.29 24.29 0 0 0-14.01-27.6z\"><\/path><\/svg>\t\t\t\t\t\t<\/span>\n\t\t\t\t\t\t\t\t\t\t<span class=\"elementor-icon-list-text\">+212 6 61 08 20 71 \/ +212 6 10 10 98 49<\/span>\n\t\t\t\t\t\t\t\t\t<\/li>\n\t\t\t\t\t\t\t\t<li class=\"elementor-icon-list-item\">\n\t\t\t\t\t\t\t\t\t\t\t<span class=\"elementor-icon-list-icon\">\n\t\t\t\t\t\t\t<svg aria-hidden=\"true\" class=\"e-font-icon-svg e-fas-map-marker-alt\" viewBox=\"0 0 384 512\" xmlns=\"http:\/\/www.w3.org\/2000\/svg\"><path d=\"M172.268 501.67C26.97 291.031 0 269.413 0 192 0 85.961 85.961 0 192 0s192 85.961 192 192c0 77.413-26.97 99.031-172.268 309.67-9.535 13.774-29.93 13.773-39.464 0zM192 272c44.183 0 80-35.817 80-80s-35.817-80-80-80-80 35.817-80 80 35.817 80 80 80z\"><\/path><\/svg>\t\t\t\t\t\t<\/span>\n\t\t\t\t\t\t\t\t\t\t<span class=\"elementor-icon-list-text\">Km 12, Route de l\u2019Ourika, Marrakech<\/span>\n\t\t\t\t\t\t\t\t\t<\/li>\n\t\t\t\t\t\t\t\t<li class=\"elementor-icon-list-item\">\n\t\t\t\t\t\t\t\t\t\t\t<span class=\"elementor-icon-list-icon\">\n\t\t\t\t\t\t\t<svg class=\"ekit-svg-icon icon-instagram-1\" viewBox=\"0 0 32 32\" xmlns=\"http:\/\/www.w3.org\/2000\/svg\"><path d=\"M31.969 9.408c-0.075-1.7-0.35-2.869-0.744-3.882-0.406-1.075-1.031-2.038-1.85-2.838-0.8-0.813-1.769-1.444-2.832-1.844-1.019-0.394-2.182-0.669-3.882-0.744-1.713-0.081-2.257-0.1-6.601-0.1s-4.888 0.019-6.595 0.094c-1.7 0.075-2.869 0.35-3.882 0.744-1.075 0.406-2.038 1.031-2.838 1.85-0.813 0.8-1.444 1.769-1.844 2.832-0.394 1.019-0.669 2.182-0.744 3.882-0.081 1.713-0.1 2.257-0.1 6.601s0.019 4.888 0.094 6.595c0.075 1.7 0.35 2.869 0.744 3.882 0.406 1.075 1.038 2.038 1.85 2.838 0.8 0.813 1.769 1.444 2.832 1.844 1.019 0.394 2.182 0.669 3.882 0.744 1.706 0.075 2.25 0.094 6.595 0.094s4.888-0.019 6.595-0.094c1.7-0.075 2.869-0.35 3.882-0.744 2.151-0.831 3.851-2.532 4.682-4.682 0.394-1.019 0.669-2.182 0.744-3.882 0.075-1.707 0.094-2.25 0.094-6.595s-0.006-4.888-0.081-6.595zM29.087 22.473c-0.069 1.563-0.331 2.407-0.55 2.969-0.538 1.394-1.644 2.5-3.038 3.038-0.563 0.219-1.413 0.481-2.969 0.55-1.688 0.075-2.194 0.094-6.464 0.094s-4.782-0.019-6.464-0.094c-1.563-0.069-2.407-0.331-2.969-0.55-0.694-0.256-1.325-0.663-1.838-1.194-0.531-0.519-0.938-1.144-1.194-1.838-0.219-0.563-0.481-1.413-0.55-2.969-0.075-1.688-0.094-2.194-0.094-6.464s0.019-4.782 0.094-6.464c0.069-1.563 0.331-2.407 0.55-2.969 0.256-0.694 0.663-1.325 1.2-1.838 0.519-0.531 1.144-0.938 1.838-1.194 0.563-0.219 1.413-0.481 2.969-0.55 1.688-0.075 2.194-0.094 6.464-0.094 4.276 0 4.782 0.019 6.464 0.094 1.563 0.069 2.407 0.331 2.969 0.55 0.694 0.256 1.325 0.662 1.838 1.194 0.531 0.519 0.938 1.144 1.194 1.838 0.219 0.563 0.481 1.413 0.55 2.969 0.075 1.688 0.094 2.194 0.094 6.464s-0.019 4.77-0.094 6.458z\"><\/path><path d=\"M16.059 7.783c-4.538 0-8.22 3.682-8.22 8.22s3.682 8.22 8.22 8.22c4.538 0 8.22-3.682 8.22-8.22s-3.682-8.22-8.22-8.22zM16.059 21.335c-2.944 0-5.332-2.388-5.332-5.332s2.388-5.332 5.332-5.332c2.944 0 5.332 2.388 5.332 5.332s-2.388 5.332-5.332 5.332z\"><\/path><path d=\"M26.524 7.458c0 1.060-0.859 1.919-1.919 1.919s-1.919-0.859-1.919-1.919c0-1.060 0.859-1.919 1.919-1.919s1.919 0.859 1.919 1.919z\"><\/path><\/svg>\t\t\t\t\t\t<\/span>\n\t\t\t\t\t\t\t\t\t\t<span class=\"elementor-icon-list-text\">@ourikavalleyresidence<\/span>\n\t\t\t\t\t\t\t\t\t<\/li>\n\t\t\t\t\t\t\t\t<li class=\"elementor-icon-list-item\">\n\t\t\t\t\t\t\t\t\t\t\t<span class=\"elementor-icon-list-icon\">\n\t\t\t\t\t\t\t<svg class=\"ekit-svg-icon icon-clock-1\" viewBox=\"0 0 32 32\" xmlns=\"http:\/\/www.w3.org\/2000\/svg\"><path d=\"M23.244 9.394l6.444 1.694 1.625-6.444-1.238-0.325-1.063 4.056c-2.694-4.369-7.519-7.275-13.025-7.275-8.45 0-15.3 6.856-15.3 15.313s6.85 15.313 15.3 15.313c5.638 0 10.562-3.050 13.219-7.594l-1.206-0.581c-2.438 4.094-6.9 6.838-12.006 6.838-7.713 0-13.969-6.256-13.969-13.975s6.25-13.981 13.963-13.981c5.137 0 9.631 2.775 12.056 6.912l-4.475-1.188-0.325 1.238zM13.938 6.006v11.594l7.488 3.644 0.581-1.169-6.762-3.256v-10.813z\"><\/path><\/svg>\t\t\t\t\t\t<\/span>\n\t\t\t\t\t\t\t\t\t\t<span class=\"elementor-icon-list-text\">Lun - Sam : 10h - 18h<\/span>\n\t\t\t\t\t\t\t\t\t<\/li>\n\t\t\t\t\t\t<\/ul>\n\t\t\t\t\t\t<\/div>\n\t\t\t\t<\/div>\n\t\t\t\t<\/div>\n\t\t\t\t\t<\/div>\n\t\t\t\t<\/div>\n\t\t\t\t<\/div>\n\t\t","protected":false},"excerpt":{"rendered":"<p>Contact VOTRE PROCHAINE ADRESSE COMMENCE ICI Investir \u00e0 Ourika Valley, c\u2019est faire le choix d\u2019un patrimoine durable dans l\u2019un des territoires les plus convoit\u00e9s aux abords de Marrakech, tout en profitant d\u2019un art de vivre rare, o\u00f9 confort contemporain, nature pr\u00e9serv\u00e9e et s\u00e9r\u00e9nit\u00e9 r\u00e9sidentielle s\u2019entrelacent avec \u00e9l\u00e9gance. Faites le Premier pas Un projet immobilier commence [&hellip;]<\/p>\n","protected":false},"author":1,"featured_media":0,"parent":0,"menu_order":0,"comment_status":"closed","ping_status":"closed","template":"elementor_header_footer","meta":{"footnotes":""},"class_list":["post-1146","page","type-page","status-publish","hentry"],"_links":{"self":[{"href":"https:\/\/ourikavalley.ma\/en\/wp-json\/wp\/v2\/pages\/1146","targetHints":{"allow":["GET"]}}],"collection":[{"href":"https:\/\/ourikavalley.ma\/en\/wp-json\/wp\/v2\/pages"}],"about":[{"href":"https:\/\/ourikavalley.ma\/en\/wp-json\/wp\/v2\/types\/page"}],"author":[{"embeddable":true,"href":"https:\/\/ourikavalley.ma\/en\/wp-json\/wp\/v2\/users\/1"}],"replies":[{"embeddable":true,"href":"https:\/\/ourikavalley.ma\/en\/wp-json\/wp\/v2\/comments?post=1146"}],"version-history":[{"count":3,"href":"https:\/\/ourikavalley.ma\/en\/wp-json\/wp\/v2\/pages\/1146\/revisions"}],"predecessor-version":[{"id":4148,"href":"https:\/\/ourikavalley.ma\/en\/wp-json\/wp\/v2\/pages\/1146\/revisions\/4148"}],"wp:attachment":[{"href":"https:\/\/ourikavalley.ma\/en\/wp-json\/wp\/v2\/media?parent=1146"}],"curies":[{"name":"wp","href":"https:\/\/api.w.org\/{rel}","templated":true}]}}