{"id":3340,"date":"2026-03-13T14:16:35","date_gmt":"2026-03-13T14:16:35","guid":{"rendered":"https:\/\/ov.studiokech.com\/?page_id=3340"},"modified":"2026-04-20T14:32:04","modified_gmt":"2026-04-20T14:32:04","slug":"page-404","status":"publish","type":"page","link":"https:\/\/ourikavalley.ma\/en\/page-404\/","title":{"rendered":"404"},"content":{"rendered":"\t\t<div data-elementor-type=\"wp-page\" data-elementor-id=\"3340\" class=\"elementor elementor-3340\">\n\t\t\t\t<div class=\"elementor-element elementor-element-4b44158 e-con-full 404-section e-flex e-con e-parent\" data-id=\"4b44158\" data-element_type=\"container\" data-e-type=\"container\" data-settings=\"{&quot;background_background&quot;:&quot;slideshow&quot;,&quot;background_slideshow_gallery&quot;:[{&quot;id&quot;:103,&quot;url&quot;:&quot;https:\\\/\\\/ourikavalley.ma\\\/wp-content\\\/uploads\\\/2026\\\/03\\\/image-f7b47d75-0972-4172-9f81-5f11c3c307bb.webp&quot;}],&quot;background_slideshow_loop&quot;:&quot;yes&quot;,&quot;background_slideshow_slide_duration&quot;:5000,&quot;background_slideshow_slide_transition&quot;:&quot;fade&quot;,&quot;background_slideshow_transition_duration&quot;:500}\">\n\t\t<div class=\"elementor-element elementor-element-88ede29 e-flex e-con-boxed e-con e-child\" data-id=\"88ede29\" data-element_type=\"container\" data-e-type=\"container\" data-settings=\"{&quot;background_background&quot;:&quot;classic&quot;}\">\n\t\t\t\t\t<div class=\"e-con-inner\">\n\t\t<div class=\"elementor-element elementor-element-66c933d e-con-full e-flex e-con e-child\" data-id=\"66c933d\" data-element_type=\"container\" data-e-type=\"container\">\n\t\t\t\t<div class=\"elementor-element elementor-element-734cd14 elementor-invisible elementor-widget elementor-widget-elementskit-heading\" data-id=\"734cd14\" data-element_type=\"widget\" data-e-type=\"widget\" data-settings=\"{&quot;_animation&quot;:&quot;fadeInUp&quot;,&quot;_animation_delay&quot;:3}\" data-widget_type=\"elementskit-heading.default\">\n\t\t\t\t\t<div class=\"ekit-wid-con\" ><div class=\"ekit-heading elementskit-section-title-wraper text_center   ekit_heading_tablet-   ekit_heading_mobile-\"><h2 class=\"ekit-heading--title elementskit-section-title \">404<\/h2><h5 class=\"ekit-heading--subtitle elementskit-section-subtitle  \">\n\t\t\t\t\t\tPage introuvable\n\t\t\t\t\t<\/h5>\t\t\t\t<div class='ekit-heading__description'>\n\t\t\t\t\t<p>Cette page n'existe pas ou a \u00e9t\u00e9 d\u00e9plac\u00e9e.<br \/>Laissez-nous vous guider vers votre nouvelle adresse.<\/p>\n\t\t\t\t<\/div>\n\t\t\t<\/div><\/div>\t\t\t\t<\/div>\n\t\t\t\t<div class=\"elementor-element elementor-element-d4faf6b elementor-align-center elementor-widget elementor-widget-elementskit-button\" data-id=\"d4faf6b\" data-element_type=\"widget\" data-e-type=\"widget\" data-widget_type=\"elementskit-button.default\">\n\t\t\t\t\t<div class=\"ekit-wid-con\" >\t\t<div class=\"ekit-btn-wraper\">\n\t\t\t\t\t\t\t<a href=\"\/\" class=\"elementskit-btn  whitespace--normal\" id=\"\">\n\t\t\t\t\t                 Retour \u00e0 l&#039;accueil<svg class=\"ekit-svg-icon icon-internet\" viewBox=\"0 0 32 32\" xmlns=\"http:\/\/www.w3.org\/2000\/svg\"><path d=\"M27.966 27.005c2.507-2.825 4.034-6.54 4.034-10.605 0-4.23-1.653-8.079-4.343-10.943 0 0 0-0.001 0-0.001-0.002-0.003-0.006-0.004-0.007-0.007-2.802-2.979-6.728-4.886-11.095-5.035l-0.001-0.001-0.312-0.008c-0.081-0.003-0.161-0.006-0.242-0.006s-0.162 0.003-0.242 0.006l-0.311 0.008-0.001 0.001c-4.367 0.15-8.293 2.056-11.095 5.035-0.002 0.003-0.006 0.004-0.007 0.007 0 0 0 0.001-0.001 0.001-2.691 2.863-4.344 6.712-4.344 10.942 0 4.066 1.527 7.78 4.034 10.605 0.003 0.005 0.003 0.010 0.007 0.015 0.010 0.014 0.024 0.020 0.035 0.033 2.817 3.149 6.859 5.178 11.37 5.332l0.001 0.001 0.311 0.008c0.081 0.002 0.162 0.005 0.243 0.005s0.162-0.003 0.242-0.006l0.311-0.008 0.001-0.001c4.516-0.155 8.562-2.188 11.379-5.343 0.007-0.009 0.019-0.012 0.025-0.022 0.004-0.004 0.004-0.010 0.008-0.015zM1.117 16.952h6.622c0.062 2.339 0.519 4.611 1.332 6.74-1.569 0.568-3.069 1.329-4.475 2.279-2.067-2.459-3.354-5.593-3.48-9.020zM4.898 6.482c1.373 0.893 2.834 1.608 4.359 2.142-0.934 2.266-1.45 4.709-1.517 7.225h-6.622c0.132-3.59 1.538-6.859 3.781-9.367zM30.883 15.848h-6.622c-0.067-2.516-0.584-4.959-1.517-7.225 1.524-0.534 2.986-1.249 4.359-2.142 2.243 2.508 3.649 5.777 3.781 9.367zM15.448 8.655c-1.595-0.045-3.161-0.283-4.674-0.708 1.118-2.294 2.697-4.365 4.674-6.089v6.797zM15.448 9.759v6.089h-6.605c0.068-2.399 0.571-4.726 1.471-6.883 1.658 0.481 3.38 0.746 5.134 0.793zM16.552 9.759c1.754-0.047 3.476-0.312 5.135-0.793 0.9 2.157 1.403 4.484 1.471 6.883h-6.606v-6.089zM16.552 8.655v-6.797c1.976 1.724 3.555 3.795 4.674 6.089-1.513 0.425-3.079 0.663-4.674 0.708zM22.295 7.612c-1.060-2.221-2.531-4.244-4.352-5.978 3.231 0.423 6.138 1.884 8.377 4.038-1.271 0.807-2.62 1.455-4.025 1.94zM9.705 7.612c-1.405-0.485-2.754-1.134-4.024-1.94 2.238-2.154 5.146-3.615 8.377-4.038-1.822 1.734-3.293 3.757-4.353 5.978zM8.843 16.952h6.605v5.538c-1.825 0.049-3.612 0.333-5.33 0.85-0.776-2.017-1.213-4.171-1.275-6.388zM15.448 23.593v7.348c-2.115-1.846-3.774-4.088-4.902-6.575 1.582-0.466 3.225-0.726 4.902-0.773zM16.552 30.941v-7.348c1.677 0.047 3.32 0.307 4.902 0.772-1.128 2.488-2.786 4.73-4.902 6.575zM16.552 22.49v-5.538h6.605c-0.062 2.217-0.499 4.372-1.276 6.389-1.718-0.518-3.505-0.802-5.33-0.851zM24.26 16.952h6.622c-0.126 3.426-1.412 6.561-3.48 9.020-1.406-0.95-2.906-1.711-4.475-2.279 0.814-2.129 1.27-4.402 1.332-6.74zM5.347 26.798c1.305-0.867 2.695-1.565 4.147-2.086 1.073 2.406 2.614 4.598 4.563 6.454-3.394-0.444-6.431-2.033-8.711-4.368zM17.943 31.166c1.95-1.856 3.49-4.048 4.563-6.454 1.452 0.521 2.841 1.219 4.147 2.086-2.28 2.335-5.317 3.924-8.711 4.368z\"><\/path><\/svg>\t\t\t\t<\/a>\n\t\t\t\t\t<\/div>\n        <\/div>\t\t\t\t<\/div>\n\t\t\t\t<\/div>\n\t\t\t\t\t<\/div>\n\t\t\t\t<\/div>\n\t\t\t\t<\/div>\n\t\t\t\t<\/div>\n\t\t","protected":false},"excerpt":{"rendered":"<p>404 Page introuvable Cette page n&rsquo;existe pas ou a \u00e9t\u00e9 d\u00e9plac\u00e9e.Laissez-nous vous guider vers votre nouvelle adresse. Retour \u00e0 l&#039;accueil<\/p>","protected":false},"author":1,"featured_media":0,"parent":0,"menu_order":0,"comment_status":"closed","ping_status":"closed","template":"elementor_header_footer","meta":{"footnotes":""},"class_list":["post-3340","page","type-page","status-publish","hentry"],"_links":{"self":[{"href":"https:\/\/ourikavalley.ma\/en\/wp-json\/wp\/v2\/pages\/3340","targetHints":{"allow":["GET"]}}],"collection":[{"href":"https:\/\/ourikavalley.ma\/en\/wp-json\/wp\/v2\/pages"}],"about":[{"href":"https:\/\/ourikavalley.ma\/en\/wp-json\/wp\/v2\/types\/page"}],"author":[{"embeddable":true,"href":"https:\/\/ourikavalley.ma\/en\/wp-json\/wp\/v2\/users\/1"}],"replies":[{"embeddable":true,"href":"https:\/\/ourikavalley.ma\/en\/wp-json\/wp\/v2\/comments?post=3340"}],"version-history":[{"count":15,"href":"https:\/\/ourikavalley.ma\/en\/wp-json\/wp\/v2\/pages\/3340\/revisions"}],"predecessor-version":[{"id":4316,"href":"https:\/\/ourikavalley.ma\/en\/wp-json\/wp\/v2\/pages\/3340\/revisions\/4316"}],"wp:attachment":[{"href":"https:\/\/ourikavalley.ma\/en\/wp-json\/wp\/v2\/media?parent=3340"}],"curies":[{"name":"wp","href":"https:\/\/api.w.org\/{rel}","templated":true}]}}